{"id":2789,"date":"2024-05-20T15:35:40","date_gmt":"2024-05-20T21:35:40","guid":{"rendered":"https:\/\/epicchallengenicaragua.com\/?page_id=2789"},"modified":"2025-05-14T09:53:40","modified_gmt":"2025-05-14T15:53:40","slug":"listo-para-unirte-al-reto","status":"publish","type":"page","link":"https:\/\/epicchallengenicaragua.com\/","title":{"rendered":"Epic Challenge Nicaragua"},"content":{"rendered":"\n<div class=\"wp-block-uagb-container uagb-block-b6485cf3 alignfull uagb-is-root-container\"><div class=\"uagb-container__video-wrap\"><video autoplay loop muted playsinline><source src=\"https:\/\/epicchallengenicaragua.com\/wp-content\/uploads\/2024\/08\/Banner-epic-2024.mp4\" type=\"video\/mp4\"\/><\/video><\/div><div class=\"uagb-container__shape uagb-container__shape-bottom uagb-container__shape-above-content uagb-container__invert\" data-negative=\"false\"><svg xmlns=\"https:\/\/www.w3.org\/2000\/svg\" viewBox=\"0 0 1000 100\" preserveAspectRatio=\"none\"><path class=\"uagb-container__shape-fill\" d=\"M761.9,44.1L643.1,27.2L333.8,98L0,3.8V0l1000,0v3.9\"><\/path><\/svg><\/div>\n<div style=\"height:100px\" aria-hidden=\"true\" class=\"wp-block-spacer\"><\/div>\n\n\n\n<div class=\"wp-block-uagb-container uagb-block-15aafa29 default uagb-is-root-container\">\n<div class=\"wp-block-uagb-advanced-heading uagb-block-e573637b\"><h2 class=\"uagb-heading-text\">NOS VEMOS EN 2026<\/h2><p class=\"uagb-desc-text\"><strong>Querida comunidad ciclista,<\/strong><br><br>Desde hace tres a\u00f1os, el Epic Challenge ha sido una aventura inolvidable llena de adrenalina, esfuerzo y pasi\u00f3n por el ciclismo de monta\u00f1a. Este a\u00f1o, sin embargo, hemos tomado la dif\u00edcil decisi\u00f3n de pausar la edici\u00f3n #4.<br><br>Sabemos que muchos de ustedes esperan con ansias este evento, y precisamente por eso queremos asegurarnos de que la pr\u00f3xima edici\u00f3n sea una evoluci\u00f3n de todo lo que hemos construido juntos, con nuevas experiencias, sorpresas y desaf\u00edos a\u00fan m\u00e1s emocionantes. Vamos a aprovechar este tiempo para fortalecer la experiencia y volver en 2026 con un evento \u00e9pico como nunca antes.<br><br>Agradecemos su apoyo y comprensi\u00f3n, y los invitamos a seguir pedaleando con nosotros en esta pausa estrat\u00e9gica.<br><br><strong>\u00a1Nos vemos en los senderos muy pronto!<\/strong><\/p><\/div>\n<\/div>\n\n\n\n<div style=\"height:50px\" aria-hidden=\"true\" class=\"wp-block-spacer\"><\/div>\n<\/div>\n\n\n\n<div id=\"galeria\" class=\"wp-block-uagb-container uagb-block-f85c484a alignfull uagb-is-root-container\">\n<div style=\"height:20px\" aria-hidden=\"true\" class=\"wp-block-spacer\"><\/div>\n\n\n\n<div class=\"wp-block-uagb-advanced-heading uagb-block-aa61ccf3\"><h2 class=\"uagb-heading-text\">Revive el momento en cada foto<\/h2><\/div>\n\n\n\n<div class=\"wp-block-uagb-slider uagb-block-fb693d4e uagb-slider-container\"><div class=\"uagb-slides uagb-swiper\"><div class=\"swiper-wrapper\">\n<div class=\"wp-block-uagb-slider-child uagb-slider-child-wrap swiper-slide uagb-block-c5756a33\"><div class=\"swiper-content\">\n<div class=\"wp-block-uagb-container uagb-block-e16b7105 alignfull uagb-is-root-container\"><div class=\"uagb-container__video-wrap\"><video autoplay loop muted playsinline><source src=\"https:\/\/epicchallengenicaragua.com\/wp-content\/uploads\/2024\/08\/Epic-2022.mp4\" type=\"video\/mp4\"\/><\/video><\/div>\n<div class=\"wp-block-uagb-advanced-heading uagb-block-8345532d\"><h2 class=\"uagb-heading-text\"><a href=\"https:\/\/epicchallengenicaragua.com\/?page_id=2913\">Epic Challenge 2022<\/a><\/h2><\/div>\n<\/div>\n<\/div><\/div>\n\n\n\n<div class=\"wp-block-uagb-slider-child uagb-slider-child-wrap swiper-slide uagb-block-3c59a5e5\"><div class=\"swiper-content\">\n<div class=\"wp-block-uagb-container uagb-block-fb5402f9 alignfull uagb-is-root-container\"><div class=\"uagb-container__video-wrap\"><video autoplay loop muted playsinline><source src=\"https:\/\/epicchallengenicaragua.com\/wp-content\/uploads\/2024\/08\/Epic-2023.mp4\" type=\"video\/mp4\"\/><\/video><\/div>\n<div class=\"wp-block-uagb-advanced-heading uagb-block-5157a3de\"><h2 class=\"uagb-heading-text\"><a href=\"https:\/\/epicchallengenicaragua.com\/?page_id=2915\">Epic Challenge 2023<\/a><\/h2><\/div>\n<\/div>\n<\/div><\/div>\n\n\n\n<div class=\"wp-block-uagb-slider-child uagb-slider-child-wrap swiper-slide uagb-block-30df3566\"><div class=\"swiper-content\">\n<div class=\"wp-block-uagb-container uagb-block-109700d9 alignfull uagb-is-root-container\"><div class=\"uagb-container__video-wrap\"><video autoplay loop muted playsinline><source src=\"https:\/\/epicchallengenicaragua.com\/wp-content\/uploads\/2024\/08\/Epic-2024.mp4\" type=\"video\/mp4\"\/><\/video><\/div>\n<div class=\"wp-block-uagb-advanced-heading uagb-block-cd4fa223\"><h2 class=\"uagb-heading-text\"><a href=\"https:\/\/epicchallengenicaragua.com\/?page_id=5703\">Epic Challenge 2024<\/a><\/h2><\/div>\n<\/div>\n<\/div><\/div>\n<\/div><\/div><div class=\"swiper-pagination\"><\/div><div class=\"swiper-button-prev\"><\/div><div class=\"swiper-button-next\"><\/div><\/div>\n<\/div>\n\n\n\n<div class=\"wp-block-uagb-container uagb-block-pbwmkpwe alignfull uagb-is-root-container\"><div class=\"uagb-container__shape uagb-container__shape-bottom uagb-container__shape-above-content uagb-container__invert\" data-negative=\"false\"><svg xmlns=\"https:\/\/www.w3.org\/2000\/svg\" viewBox=\"0 0 1000 100\" preserveAspectRatio=\"none\"><path class=\"uagb-container__shape-fill\" d=\"M761.9,44.1L643.1,27.2L333.8,98L0,3.8V0l1000,0v3.9\"><\/path><\/svg><\/div><div class=\"uagb-container-inner-blocks-wrap\">\n<div class=\"wp-block-uagb-container uagb-block-svv0kpfu alignfull uagb-is-root-container\">\n<div class=\"wp-block-uagb-container uagb-block-320bd643\">\n<div class=\"wp-block-uagb-advanced-heading uagb-block-a9c97551\"><h2 class=\"uagb-heading-text\"><strong>siguenos<\/strong> y <strong>mantente<\/strong> al tanto de la nueva fecha<\/h2><\/div>\n<\/div>\n\n\n\n<div class=\"wp-block-uagb-container uagb-block-857d5f6e\">\n<div class=\"wp-block-uagb-info-box uagb-block-13002d00 uagb-infobox__content-wrap  uagb-infobox_cta-type-all uagb-infobox-icon-above-title uagb-infobox-image-valign-top\"><a href=\"https:\/\/www.facebook.com\/EpicChallengeNIC\" class=\"uagb-infobox-link-wrap uagb-infbox__link-to-all\" target=\"_blank\" aria-label=\"Infobox Link\" rel=\"noopener noreferrer\" onclick=\"return true;\"><\/a><div class=\"uagb-ifb-content\"><div class=\"uagb-ifb-icon-wrap\"><svg xmlns=\"https:\/\/www.w3.org\/2000\/svg\" viewBox=\"0 0 448 512\"><path d=\"M400 32H48A48 48 0 0 0 0 80v352a48 48 0 0 0 48 48h137.3V327.7h-63V256h63v-54.64c0-62.15 37-96.48 93.67-96.48 27.14 0 55.52 4.84 55.52 4.84v61h-31.27c-30.81 0-40.42 19.12-40.42 38.73V256h68.78l-11 71.69h-57.78V480H400a48 48 0 0 0 48-48V80a48 48 0 0 0 -48-48z\"><\/path><\/svg><\/div><div class=\"uagb-ifb-title-wrap\"><\/div><div class=\"uagb-ifb-button-wrapper wp-block-button\"><\/div><\/div><\/div>\n\n\n\n<div class=\"wp-block-uagb-info-box uagb-block-e5c907c4 uagb-infobox__content-wrap  uagb-infobox_cta-type-all uagb-infobox-icon-above-title uagb-infobox-image-valign-top\"><a href=\"https:\/\/www.instagram.com\/epic_challenge_nic?igsh=bDg1eWhzdTB4ZWF0\" class=\"uagb-infobox-link-wrap uagb-infbox__link-to-all\" target=\"_blank\" aria-label=\"Infobox Link\" rel=\"noopener noreferrer\" onclick=\"return true;\"><\/a><div class=\"uagb-ifb-content\"><div class=\"uagb-ifb-icon-wrap\"><svg xmlns=\"https:\/\/www.w3.org\/2000\/svg\" viewBox=\"0 0 448 512\"><path d=\"M224 202.7A53.34 53.34 0 1 0 277.4 256 53.38 53.38 0 0 0 224 202.7zm124.7-41a54 54 0 0 0 -30.41-30.41c-21-8.29-71-6.43-94.3-6.43s-73.25-1.93-94.31 6.43a54 54 0 0 0 -30.41 30.41c-8.28 21-6.43 71.05-6.43 94.33S91 329.3 99.32 350.3a54 54 0 0 0 30.41 30.41c21 8.29 71 6.43 94.31 6.43s73.24 1.93 94.3-6.43a54 54 0 0 0 30.41-30.41c8.35-21 6.43-71.05 6.43-94.33S357.1 182.7 348.8 161.7zM224 338a82 82 0 1 1 82-82A81.9 81.9 0 0 1 224 338zm85.38-148.3a19.14 19.14 0 1 1 19.13-19.14A19.1 19.1 0 0 1 309.4 189.7zM400 32H48A48 48 0 0 0 0 80V432a48 48 0 0 0 48 48H400a48 48 0 0 0 48-48V80A48 48 0 0 0 400 32zM382.9 322c-1.29 25.63-7.14 48.34-25.85 67s-41.4 24.63-67 25.85c-26.41 1.49-105.6 1.49-132 0-25.63-1.29-48.26-7.15-67-25.85s-24.63-41.42-25.85-67c-1.49-26.42-1.49-105.6 0-132 1.29-25.63 7.07-48.34 25.85-67s41.47-24.56 67-25.78c26.41-1.49 105.6-1.49 132 0 25.63 1.29 48.33 7.15 67 25.85s24.63 41.42 25.85 67.05C384.4 216.4 384.4 295.6 382.9 322z\"><\/path><\/svg><\/div><div class=\"uagb-ifb-title-wrap\"><\/div><div class=\"uagb-ifb-button-wrapper wp-block-button\"><\/div><\/div><\/div>\n<\/div>\n<\/div>\n\n\n\n<div style=\"height:50px\" aria-hidden=\"true\" class=\"wp-block-spacer\"><\/div>\n<\/div><\/div>\n","protected":false},"excerpt":{"rendered":"<p>NOS VEMOS EN 2026 Querida comunidad ciclista, Desde hace tres a\u00f1os, el Epic Challenge ha sido una aventura inolvidable llena de adrenalina, esfuerzo y pasi\u00f3n por el ciclismo de monta\u00f1a. Este a\u00f1o, sin embargo, hemos tomado la dif\u00edcil decisi\u00f3n de pausar la edici\u00f3n #4. Sabemos que muchos de ustedes esperan con ansias este evento, y [&hellip;]<\/p>\n","protected":false},"author":6,"featured_media":0,"parent":0,"menu_order":0,"comment_status":"closed","ping_status":"closed","template":"","meta":{"_uag_custom_page_level_css":"","site-sidebar-layout":"default","site-content-layout":"","ast-site-content-layout":"default","site-content-style":"default","site-sidebar-style":"default","ast-global-header-display":"","ast-banner-title-visibility":"","ast-main-header-display":"","ast-hfb-above-header-display":"","ast-hfb-below-header-display":"","ast-hfb-mobile-header-display":"","site-post-title":"disabled","ast-breadcrumbs-content":"","ast-featured-img":"","footer-sml-layout":"","ast-disable-related-posts":"","theme-transparent-header-meta":"","adv-header-id-meta":"","stick-header-meta":"","header-above-stick-meta":"","header-main-stick-meta":"","header-below-stick-meta":"","astra-migrate-meta-layouts":"set","ast-page-background-enabled":"default","ast-page-background-meta":{"desktop":{"background-color":"","background-image":"","background-repeat":"repeat","background-position":"center center","background-size":"auto","background-attachment":"scroll","background-type":"","background-media":"","overlay-type":"","overlay-color":"","overlay-opacity":"","overlay-gradient":""},"tablet":{"background-color":"","background-image":"","background-repeat":"repeat","background-position":"center center","background-size":"auto","background-attachment":"scroll","background-type":"","background-media":"","overlay-type":"","overlay-color":"","overlay-opacity":"","overlay-gradient":""},"mobile":{"background-color":"","background-image":"","background-repeat":"repeat","background-position":"center center","background-size":"auto","background-attachment":"scroll","background-type":"","background-media":"","overlay-type":"","overlay-color":"","overlay-opacity":"","overlay-gradient":""}},"ast-content-background-meta":{"desktop":{"background-color":"var(--ast-global-color-5)","background-image":"","background-repeat":"repeat","background-position":"center center","background-size":"auto","background-attachment":"scroll","background-type":"","background-media":"","overlay-type":"","overlay-color":"","overlay-opacity":"","overlay-gradient":""},"tablet":{"background-color":"var(--ast-global-color-5)","background-image":"","background-repeat":"repeat","background-position":"center center","background-size":"auto","background-attachment":"scroll","background-type":"","background-media":"","overlay-type":"","overlay-color":"","overlay-opacity":"","overlay-gradient":""},"mobile":{"background-color":"var(--ast-global-color-5)","background-image":"","background-repeat":"repeat","background-position":"center center","background-size":"auto","background-attachment":"scroll","background-type":"","background-media":"","overlay-type":"","overlay-color":"","overlay-opacity":"","overlay-gradient":""}},"footnotes":""},"class_list":["post-2789","page","type-page","status-publish","hentry"],"yoast_head":"<!-- This site is optimized with the Yoast SEO plugin v27.5 - https:\/\/yoast.com\/product\/yoast-seo-wordpress\/ -->\n<title>Epic Challenge Nicaragua<\/title>\n<meta name=\"robots\" content=\"index, follow, max-snippet:-1, max-image-preview:large, max-video-preview:-1\" \/>\n<link rel=\"canonical\" href=\"https:\/\/epicchallengenicaragua.com\/\" \/>\n<meta property=\"og:locale\" content=\"es_ES\" \/>\n<meta property=\"og:type\" content=\"article\" \/>\n<meta property=\"og:title\" content=\"Epic Challenge Nicaragua\" \/>\n<meta property=\"og:description\" content=\"NOS VEMOS EN 2026 Querida comunidad ciclista, Desde hace tres a\u00f1os, el Epic Challenge ha sido una aventura inolvidable llena de adrenalina, esfuerzo y pasi\u00f3n por el ciclismo de monta\u00f1a. Este a\u00f1o, sin embargo, hemos tomado la dif\u00edcil decisi\u00f3n de pausar la edici\u00f3n #4. Sabemos que muchos de ustedes esperan con ansias este evento, y [&hellip;]\" \/>\n<meta property=\"og:url\" content=\"https:\/\/epicchallengenicaragua.com\/\" \/>\n<meta property=\"og:site_name\" content=\"Epic Challenge Nicaragua\" \/>\n<meta property=\"article:publisher\" content=\"https:\/\/www.facebook.com\/EpicChallengeNIC\" \/>\n<meta property=\"article:modified_time\" content=\"2025-05-14T15:53:40+00:00\" \/>\n<meta name=\"twitter:card\" content=\"summary_large_image\" \/>\n<meta name=\"twitter:label1\" content=\"Tiempo de lectura\" \/>\n\t<meta name=\"twitter:data1\" content=\"1 minuto\" \/>\n<script type=\"application\/ld+json\" class=\"yoast-schema-graph\">{\"@context\":\"https:\\\/\\\/schema.org\",\"@graph\":[{\"@type\":\"WebPage\",\"@id\":\"https:\\\/\\\/epicchallengenicaragua.com\\\/\",\"url\":\"https:\\\/\\\/epicchallengenicaragua.com\\\/\",\"name\":\"Epic Challenge Nicaragua\",\"isPartOf\":{\"@id\":\"https:\\\/\\\/epicchallengenicaragua.com\\\/#website\"},\"datePublished\":\"2024-05-20T21:35:40+00:00\",\"dateModified\":\"2025-05-14T15:53:40+00:00\",\"breadcrumb\":{\"@id\":\"https:\\\/\\\/epicchallengenicaragua.com\\\/#breadcrumb\"},\"inLanguage\":\"es\",\"potentialAction\":[{\"@type\":\"ReadAction\",\"target\":[\"https:\\\/\\\/epicchallengenicaragua.com\\\/\"]}]},{\"@type\":\"BreadcrumbList\",\"@id\":\"https:\\\/\\\/epicchallengenicaragua.com\\\/#breadcrumb\",\"itemListElement\":[{\"@type\":\"ListItem\",\"position\":1,\"name\":\"Portada\",\"item\":\"https:\\\/\\\/epicchallengenicaragua.com\\\/\"},{\"@type\":\"ListItem\",\"position\":2,\"name\":\"Epic Challenge Nicaragua\"}]},{\"@type\":\"WebSite\",\"@id\":\"https:\\\/\\\/epicchallengenicaragua.com\\\/#website\",\"url\":\"https:\\\/\\\/epicchallengenicaragua.com\\\/\",\"name\":\"Epic Challenge Nicaragua\",\"description\":\"Epic Challenge\",\"publisher\":{\"@id\":\"https:\\\/\\\/epicchallengenicaragua.com\\\/#organization\"},\"potentialAction\":[{\"@type\":\"SearchAction\",\"target\":{\"@type\":\"EntryPoint\",\"urlTemplate\":\"https:\\\/\\\/epicchallengenicaragua.com\\\/?s={search_term_string}\"},\"query-input\":{\"@type\":\"PropertyValueSpecification\",\"valueRequired\":true,\"valueName\":\"search_term_string\"}}],\"inLanguage\":\"es\"},{\"@type\":\"Organization\",\"@id\":\"https:\\\/\\\/epicchallengenicaragua.com\\\/#organization\",\"name\":\"Epic Challenge Nicaragua\",\"url\":\"https:\\\/\\\/epicchallengenicaragua.com\\\/\",\"logo\":{\"@type\":\"ImageObject\",\"inLanguage\":\"es\",\"@id\":\"https:\\\/\\\/epicchallengenicaragua.com\\\/#\\\/schema\\\/logo\\\/image\\\/\",\"url\":\"https:\\\/\\\/i0.wp.com\\\/epicchallengenicaragua.com\\\/wp-content\\\/uploads\\\/2024\\\/05\\\/EC-Full.png?fit=950%2C470&ssl=1\",\"contentUrl\":\"https:\\\/\\\/i0.wp.com\\\/epicchallengenicaragua.com\\\/wp-content\\\/uploads\\\/2024\\\/05\\\/EC-Full.png?fit=950%2C470&ssl=1\",\"width\":950,\"height\":470,\"caption\":\"Epic Challenge Nicaragua\"},\"image\":{\"@id\":\"https:\\\/\\\/epicchallengenicaragua.com\\\/#\\\/schema\\\/logo\\\/image\\\/\"},\"sameAs\":[\"https:\\\/\\\/www.facebook.com\\\/EpicChallengeNIC\"]}]}<\/script>\n<!-- \/ Yoast SEO plugin. -->","yoast_head_json":{"title":"Epic Challenge Nicaragua","robots":{"index":"index","follow":"follow","max-snippet":"max-snippet:-1","max-image-preview":"max-image-preview:large","max-video-preview":"max-video-preview:-1"},"canonical":"https:\/\/epicchallengenicaragua.com\/","og_locale":"es_ES","og_type":"article","og_title":"Epic Challenge Nicaragua","og_description":"NOS VEMOS EN 2026 Querida comunidad ciclista, Desde hace tres a\u00f1os, el Epic Challenge ha sido una aventura inolvidable llena de adrenalina, esfuerzo y pasi\u00f3n por el ciclismo de monta\u00f1a. Este a\u00f1o, sin embargo, hemos tomado la dif\u00edcil decisi\u00f3n de pausar la edici\u00f3n #4. Sabemos que muchos de ustedes esperan con ansias este evento, y [&hellip;]","og_url":"https:\/\/epicchallengenicaragua.com\/","og_site_name":"Epic Challenge Nicaragua","article_publisher":"https:\/\/www.facebook.com\/EpicChallengeNIC","article_modified_time":"2025-05-14T15:53:40+00:00","twitter_card":"summary_large_image","twitter_misc":{"Tiempo de lectura":"1 minuto"},"schema":{"@context":"https:\/\/schema.org","@graph":[{"@type":"WebPage","@id":"https:\/\/epicchallengenicaragua.com\/","url":"https:\/\/epicchallengenicaragua.com\/","name":"Epic Challenge Nicaragua","isPartOf":{"@id":"https:\/\/epicchallengenicaragua.com\/#website"},"datePublished":"2024-05-20T21:35:40+00:00","dateModified":"2025-05-14T15:53:40+00:00","breadcrumb":{"@id":"https:\/\/epicchallengenicaragua.com\/#breadcrumb"},"inLanguage":"es","potentialAction":[{"@type":"ReadAction","target":["https:\/\/epicchallengenicaragua.com\/"]}]},{"@type":"BreadcrumbList","@id":"https:\/\/epicchallengenicaragua.com\/#breadcrumb","itemListElement":[{"@type":"ListItem","position":1,"name":"Portada","item":"https:\/\/epicchallengenicaragua.com\/"},{"@type":"ListItem","position":2,"name":"Epic Challenge Nicaragua"}]},{"@type":"WebSite","@id":"https:\/\/epicchallengenicaragua.com\/#website","url":"https:\/\/epicchallengenicaragua.com\/","name":"Epic Challenge Nicaragua","description":"Epic Challenge","publisher":{"@id":"https:\/\/epicchallengenicaragua.com\/#organization"},"potentialAction":[{"@type":"SearchAction","target":{"@type":"EntryPoint","urlTemplate":"https:\/\/epicchallengenicaragua.com\/?s={search_term_string}"},"query-input":{"@type":"PropertyValueSpecification","valueRequired":true,"valueName":"search_term_string"}}],"inLanguage":"es"},{"@type":"Organization","@id":"https:\/\/epicchallengenicaragua.com\/#organization","name":"Epic Challenge Nicaragua","url":"https:\/\/epicchallengenicaragua.com\/","logo":{"@type":"ImageObject","inLanguage":"es","@id":"https:\/\/epicchallengenicaragua.com\/#\/schema\/logo\/image\/","url":"https:\/\/i0.wp.com\/epicchallengenicaragua.com\/wp-content\/uploads\/2024\/05\/EC-Full.png?fit=950%2C470&ssl=1","contentUrl":"https:\/\/i0.wp.com\/epicchallengenicaragua.com\/wp-content\/uploads\/2024\/05\/EC-Full.png?fit=950%2C470&ssl=1","width":950,"height":470,"caption":"Epic Challenge Nicaragua"},"image":{"@id":"https:\/\/epicchallengenicaragua.com\/#\/schema\/logo\/image\/"},"sameAs":["https:\/\/www.facebook.com\/EpicChallengeNIC"]}]}},"uagb_featured_image_src":{"full":false,"thumbnail":false,"medium":false,"medium_large":false,"large":false,"1536x1536":false,"2048x2048":false},"uagb_author_info":{"display_name":"Yilson Gutierrez","author_link":"https:\/\/epicchallengenicaragua.com\/?author=6"},"uagb_comment_info":0,"uagb_excerpt":"NOS VEMOS EN 2026 Querida comunidad ciclista, Desde hace tres a\u00f1os, el Epic Challenge ha sido una aventura inolvidable llena de adrenalina, esfuerzo y pasi\u00f3n por el ciclismo de monta\u00f1a. Este a\u00f1o, sin embargo, hemos tomado la dif\u00edcil decisi\u00f3n de pausar la edici\u00f3n #4. Sabemos que muchos de ustedes esperan con ansias este evento, y&hellip;","jetpack_sharing_enabled":true,"_links":{"self":[{"href":"https:\/\/epicchallengenicaragua.com\/index.php?rest_route=\/wp\/v2\/pages\/2789","targetHints":{"allow":["GET"]}}],"collection":[{"href":"https:\/\/epicchallengenicaragua.com\/index.php?rest_route=\/wp\/v2\/pages"}],"about":[{"href":"https:\/\/epicchallengenicaragua.com\/index.php?rest_route=\/wp\/v2\/types\/page"}],"author":[{"embeddable":true,"href":"https:\/\/epicchallengenicaragua.com\/index.php?rest_route=\/wp\/v2\/users\/6"}],"replies":[{"embeddable":true,"href":"https:\/\/epicchallengenicaragua.com\/index.php?rest_route=%2Fwp%2Fv2%2Fcomments&post=2789"}],"version-history":[{"count":216,"href":"https:\/\/epicchallengenicaragua.com\/index.php?rest_route=\/wp\/v2\/pages\/2789\/revisions"}],"predecessor-version":[{"id":5965,"href":"https:\/\/epicchallengenicaragua.com\/index.php?rest_route=\/wp\/v2\/pages\/2789\/revisions\/5965"}],"wp:attachment":[{"href":"https:\/\/epicchallengenicaragua.com\/index.php?rest_route=%2Fwp%2Fv2%2Fmedia&parent=2789"}],"curies":[{"name":"wp","href":"https:\/\/api.w.org\/{rel}","templated":true}]}}